{"id":5694,"date":"2015-09-08T12:04:48","date_gmt":"2015-09-08T11:04:48","guid":{"rendered":"http:\/\/www.kunst.tu-berlin.de\/pages\/?page_id=5694"},"modified":"2015-09-28T13:58:24","modified_gmt":"2015-09-28T12:58:24","slug":"bildende-kunst-i-wise-1516","status":"publish","type":"page","link":"https:\/\/www.kunst.tu-berlin.de\/pages\/bildende-kunst-i-wise-1516","title":{"rendered":"Bildende Kunst I &#8211; WiSe 15\/16"},"content":{"rendered":"<h3 style=\"padding-left: 30px;\"><a href=\"https:\/\/www.kunst.tu-berlin.de\/pages\/wp-content\/uploads\/2015\/09\/6_2.jpg\"><img loading=\"lazy\" decoding=\"async\" class=\"alignnone size-full wp-image-5686\" src=\"https:\/\/www.kunst.tu-berlin.de\/pages\/wp-content\/uploads\/2015\/09\/6_2.jpg\" alt=\"6_2\" width=\"800\" height=\"545\" srcset=\"https:\/\/www.kunst.tu-berlin.de\/pages\/wp-content\/uploads\/2015\/09\/6_2.jpg 800w, https:\/\/www.kunst.tu-berlin.de\/pages\/wp-content\/uploads\/2015\/09\/6_2-150x102.jpg 150w, https:\/\/www.kunst.tu-berlin.de\/pages\/wp-content\/uploads\/2015\/09\/6_2-300x204.jpg 300w\" sizes=\"(max-width: 800px) 100vw, 800px\" \/><\/a><\/h3>\n<h3 style=\"padding-left: 30px;\">Bildende Kunst I<\/h3>\n<p style=\"padding-left: 30px;\">Pr\u00fcfungsleistung: k\u00fcnstlerische Arbeit, Skizzenbuch<br \/>\nBetreuung: Prof. Dr. Stefanie B\u00fcrkle<br \/>\nK\u00fcnstlerische Mitarbeiter: Filippo Corato, Agnes Fabich, Alex Gross, Marius Schmidt, Su-Ran Sichling<br \/>\nTutoren: Ilkin Akpinar, Patricia Loges, Bj\u00f6rn Lotter, Nico Sonnenbrodt<\/p>\n<p style=\"padding-left: 30px;\"><a href=\"https:\/\/www.kunst.tu-berlin.de\/pages\/wp-content\/uploads\/2015\/09\/150928_Grundkurs_15-16.pdf\" target=\"_blank\"><strong>Skripte<\/strong> WiSe 15\/16<\/a><\/p>\n<p style=\"padding-left: 30px;\"><a href=\"https:\/\/www.kunst.tu-berlin.de\/pages\/wp-content\/uploads\/2015\/09\/Schleuse.jpg\" target=\"_blank\"><strong>Wegbeschreibung<\/strong> Schleusenatelier<\/a><\/p>\n<p style=\"padding-left: 30px;\"><a title=\"Semester\" href=\"http:\/\/www2.kunst.tu-berlin.de\/pages\/semester\">zur\u00fcck<\/a><\/p>\n","protected":false},"excerpt":{"rendered":"<p>Bildende Kunst I Pr\u00fcfungsleistung: k\u00fcnstlerische Arbeit, Skizzenbuch Betreuung: Prof. Dr. Stefanie B\u00fcrkle K\u00fcnstlerische Mitarbeiter: Filippo Corato, Agnes Fabich, Alex Gross, Marius Schmidt, Su-Ran Sichling Tutoren: Ilkin Akpinar, Patricia Loges, Bj\u00f6rn Lotter, Nico Sonnenbrodt Skripte WiSe 15\/16 Wegbeschreibung Schleusenatelier zur\u00fcck<\/p>\n","protected":false},"author":6,"featured_media":0,"parent":0,"menu_order":0,"comment_status":"closed","ping_status":"closed","template":"template-notitle.php","meta":{"footnotes":""},"class_list":["post-5694","page","type-page","status-publish","hentry","content-columns-1"],"_links":{"self":[{"href":"https:\/\/www.kunst.tu-berlin.de\/pages\/wp-json\/wp\/v2\/pages\/5694"}],"collection":[{"href":"https:\/\/www.kunst.tu-berlin.de\/pages\/wp-json\/wp\/v2\/pages"}],"about":[{"href":"https:\/\/www.kunst.tu-berlin.de\/pages\/wp-json\/wp\/v2\/types\/page"}],"author":[{"embeddable":true,"href":"https:\/\/www.kunst.tu-berlin.de\/pages\/wp-json\/wp\/v2\/users\/6"}],"replies":[{"embeddable":true,"href":"https:\/\/www.kunst.tu-berlin.de\/pages\/wp-json\/wp\/v2\/comments?post=5694"}],"version-history":[{"count":17,"href":"https:\/\/www.kunst.tu-berlin.de\/pages\/wp-json\/wp\/v2\/pages\/5694\/revisions"}],"predecessor-version":[{"id":5807,"href":"https:\/\/www.kunst.tu-berlin.de\/pages\/wp-json\/wp\/v2\/pages\/5694\/revisions\/5807"}],"wp:attachment":[{"href":"https:\/\/www.kunst.tu-berlin.de\/pages\/wp-json\/wp\/v2\/media?parent=5694"}],"curies":[{"name":"wp","href":"https:\/\/api.w.org\/{rel}","templated":true}]}}