{"id":42462,"date":"2022-03-07T11:05:00","date_gmt":"2022-03-07T10:05:00","guid":{"rendered":"https:\/\/www.kunst.tu-berlin.de\/pages\/?page_id=42462"},"modified":"2022-05-09T11:48:33","modified_gmt":"2022-05-09T10:48:33","slug":"grundkurs-sose-2022","status":"publish","type":"page","link":"https:\/\/www.kunst.tu-berlin.de\/pages\/grundkurs-sose-2022","title":{"rendered":"Grundkurs SoSe 2022"},"content":{"rendered":"\n<h3 class=\"wp-block-heading\">6.2&nbsp;Bildende Kunst&nbsp;<\/h3>\n\n\n\n<p>Pr\u00fcfungsleistung: K\u00fcnstlerische Arbeit, Skizzenbuch<br>Anmeldung: erfolgt \u00fcber ISIS und Qispos&nbsp;<br><strong>Sie erhalten weiter Infos, Passw\u00f6rter etc. im Laufe des Semesters \u00fcber unsere ISIS Plattform.<\/strong><\/p>\n\n\n\n<p><strong>Erster Termin: 19.04.2022,&nbsp;<br><\/strong>Betreut durch Prof. Dr. Stefanie B\u00fcrkle, Alex Gross, Mika Schwarz, Gabriel Banks, Thea von Wedel&nbsp;<\/p>\n\n\n\n<p><strong>Bitte diese und zuk\u00fcnftige Links beachten:&nbsp;<\/strong><\/p>\n\n\n\n<div class=\"wp-block-columns is-layout-flex wp-container-core-columns-is-layout-1 wp-block-columns-is-layout-flex\">\n<div class=\"wp-block-column is-layout-flow wp-block-column-is-layout-flow\">\n<p><a href=\"https:\/\/isis.tu-berlin.de\/course\/view.php?id=27986\">ISIS: https:\/\/isis.tu-berlin.de\/course\/view.php?id=25490<\/a><\/p>\n<\/div>\n<\/div>\n\n\n\n<div class=\"wp-block-buttons is-layout-flex wp-block-buttons-is-layout-flex\">\n<div class=\"wp-block-button is-style-fill\"><a class=\"wp-block-button__link has-white-color has-light-green-cyan-background-color has-text-color has-background\" href=\"https:\/\/www.kunst.tu-berlin.de\/pages\/wp-content\/uploads\/2022\/03\/Zeitplan_SS-22_locked.pdf\">Zeitplan<\/a><\/div>\n<\/div>\n\n\n\n<div style=\"height:9px\" aria-hidden=\"true\" class=\"wp-block-spacer\"><\/div>\n\n\n\n<div class=\"wp-block-buttons is-layout-flex wp-block-buttons-is-layout-flex\">\n<div class=\"wp-block-button\"><a class=\"wp-block-button__link has-white-color has-light-green-cyan-background-color has-text-color has-background\" href=\"https:\/\/www.kunst.tu-berlin.de\/pages\/wp-content\/uploads\/2022\/03\/Semesteruebersicht_SoSe-22_locked.pdf\">Semester\u00fcbersicht<\/a><\/div>\n<\/div>\n\n\n\n<div style=\"height:9px\" aria-hidden=\"true\" class=\"wp-block-spacer\"><\/div>\n\n\n\n<div class=\"wp-block-buttons is-layout-flex wp-block-buttons-is-layout-flex\">\n<div class=\"wp-block-button\"><a class=\"wp-block-button__link has-white-color has-light-green-cyan-background-color has-text-color has-background\" href=\"https:\/\/www.kunst.tu-berlin.de\/pages\/wp-content\/uploads\/2022\/03\/Skript0-SoSe22_locked.pdf\">Skript 0<\/a><\/div>\n<\/div>\n\n\n\n<div style=\"height:9px\" aria-hidden=\"true\" class=\"wp-block-spacer\"><\/div>\n\n\n\n<div class=\"wp-block-buttons is-layout-flex wp-block-buttons-is-layout-flex\">\n<div class=\"wp-block-button\"><a class=\"wp-block-button__link has-white-color has-light-green-cyan-background-color has-text-color has-background\" href=\"https:\/\/www.kunst.tu-berlin.de\/pages\/wp-content\/uploads\/2022\/03\/Skript1-SoSe22_locked.pdf\">Skript 1<\/a><\/div>\n<\/div>\n\n\n\n<div style=\"height:9px\" aria-hidden=\"true\" class=\"wp-block-spacer\"><\/div>\n\n\n\n<div class=\"wp-block-buttons is-layout-flex wp-block-buttons-is-layout-flex\">\n<div class=\"wp-block-button\"><a class=\"wp-block-button__link has-white-color has-light-green-cyan-background-color has-text-color has-background\" href=\"https:\/\/www.kunst.tu-berlin.de\/pages\/wp-content\/uploads\/2022\/03\/Skript2-SoSe22_locked.pdf\">Skript 2<\/a><\/div>\n<\/div>\n\n\n\n<div style=\"height:9px\" aria-hidden=\"true\" class=\"wp-block-spacer\"><\/div>\n\n\n\n<div class=\"wp-block-buttons is-layout-flex wp-block-buttons-is-layout-flex\">\n<div class=\"wp-block-button\"><a class=\"wp-block-button__link has-white-color has-light-green-cyan-background-color has-text-color has-background\" href=\"https:\/\/www.kunst.tu-berlin.de\/pages\/wp-content\/uploads\/2022\/03\/Skript3-SoSe22_locked.pdf\">Skript 3<\/a><\/div>\n<\/div>\n\n\n\n<div style=\"height:9px\" aria-hidden=\"true\" class=\"wp-block-spacer\"><\/div>\n\n\n\n<div class=\"wp-block-buttons is-layout-flex wp-block-buttons-is-layout-flex\">\n<div class=\"wp-block-button\"><a class=\"wp-block-button__link has-white-color has-light-green-cyan-background-color has-text-color has-background\" href=\"https:\/\/www.kunst.tu-berlin.de\/pages\/wp-content\/uploads\/2022\/03\/Skript4-SoSe22_locked.pdf\">Skript 4<\/a><\/div>\n<\/div>\n\n\n\n<div style=\"height:9px\" aria-hidden=\"true\" class=\"wp-block-spacer\"><\/div>\n\n\n\n<div class=\"wp-block-buttons is-layout-flex wp-block-buttons-is-layout-flex\">\n<div class=\"wp-block-button\"><a class=\"wp-block-button__link has-white-color has-light-green-cyan-background-color has-text-color has-background\" href=\"https:\/\/www.kunst.tu-berlin.de\/pages\/wp-content\/uploads\/2022\/03\/Skript5A-SoSe22_locked.pdf\">Skript 5A<\/a><\/div>\n<\/div>\n\n\n\n<div style=\"height:9px\" aria-hidden=\"true\" class=\"wp-block-spacer\"><\/div>\n\n\n\n<div class=\"wp-block-buttons is-layout-flex wp-block-buttons-is-layout-flex\">\n<div class=\"wp-block-button\"><a class=\"wp-block-button__link has-white-color has-light-green-cyan-background-color has-text-color has-background\" href=\"https:\/\/www.kunst.tu-berlin.de\/pages\/wp-content\/uploads\/2022\/03\/Skript5B-SoSe22_locked.pdf\">Skript 5B<\/a><\/div>\n<\/div>\n","protected":false},"excerpt":{"rendered":"<p>6.2&nbsp;Bildende Kunst&nbsp; Pr\u00fcfungsleistung: K\u00fcnstlerische Arbeit, SkizzenbuchAnmeldung: erfolgt \u00fcber ISIS und Qispos&nbsp;Sie erhalten weiter Infos, Passw\u00f6rter etc. im Laufe des Semesters \u00fcber unsere ISIS Plattform. Erster Termin: 19.04.2022,&nbsp;Betreut durch Prof. Dr. Stefanie B\u00fcrkle, Alex Gross, Mika Schwarz, Gabriel Banks, Thea von Wedel&nbsp; Bitte diese und zuk\u00fcnftige Links beachten:&nbsp; ISIS: https:\/\/isis.tu-berlin.de\/course\/view.php?id=25490<\/p>\n","protected":false},"author":1,"featured_media":0,"parent":0,"menu_order":0,"comment_status":"closed","ping_status":"closed","template":"","meta":{"footnotes":""},"class_list":["post-42462","page","type-page","status-publish","hentry","content-columns-1"],"_links":{"self":[{"href":"https:\/\/www.kunst.tu-berlin.de\/pages\/wp-json\/wp\/v2\/pages\/42462"}],"collection":[{"href":"https:\/\/www.kunst.tu-berlin.de\/pages\/wp-json\/wp\/v2\/pages"}],"about":[{"href":"https:\/\/www.kunst.tu-berlin.de\/pages\/wp-json\/wp\/v2\/types\/page"}],"author":[{"embeddable":true,"href":"https:\/\/www.kunst.tu-berlin.de\/pages\/wp-json\/wp\/v2\/users\/1"}],"replies":[{"embeddable":true,"href":"https:\/\/www.kunst.tu-berlin.de\/pages\/wp-json\/wp\/v2\/comments?post=42462"}],"version-history":[{"count":17,"href":"https:\/\/www.kunst.tu-berlin.de\/pages\/wp-json\/wp\/v2\/pages\/42462\/revisions"}],"predecessor-version":[{"id":42626,"href":"https:\/\/www.kunst.tu-berlin.de\/pages\/wp-json\/wp\/v2\/pages\/42462\/revisions\/42626"}],"wp:attachment":[{"href":"https:\/\/www.kunst.tu-berlin.de\/pages\/wp-json\/wp\/v2\/media?parent=42462"}],"curies":[{"name":"wp","href":"https:\/\/api.w.org\/{rel}","templated":true}]}}