{"id":42354,"date":"2021-10-04T15:51:36","date_gmt":"2021-10-04T14:51:36","guid":{"rendered":"https:\/\/www.kunst.tu-berlin.de\/pages\/?page_id=42354"},"modified":"2021-11-01T13:34:19","modified_gmt":"2021-11-01T12:34:19","slug":"lfp-lehrforschungsprojekt-wise-2021-22","status":"publish","type":"page","link":"https:\/\/www.kunst.tu-berlin.de\/pages\/lfp-lehrforschungsprojekt-wise-2021-22","title":{"rendered":"LFP \u2013 Lehrforschungsprojekt WiSe 2021-22"},"content":{"rendered":"\n<p><strong>WECHSELWIRKUNGEN \u2013 R\u00c4UME UND TOURISMUS<\/strong><\/p>\n\n\n\n<p>Das Lehrforschungsprojekt untersucht mit k\u00fcnstlerischen und wissenschaftlichen Methoden und dem Einsatz von k\u00fcnstlerischen Medien die gegenseitige Abh\u00e4ngigkeit von Orten, Bildern und r\u00e4umlichen Praktiken anhand touristischer Orte in Berlin und Venedig. Mit subjektivem Blick auf die Orte und dem Abgleich mit Bekanntem erforschen wir im Rahmen einer Exkursion nach Venedig und auf die Architekturbiennale die Ver\u00e4nderung des Raumes durch die Nutzungs\u00fcberlagerungen von Lokalem und Tourismus.<\/p>\n\n\n\n<p>In diesem Lehrforschungsprojekt wird ein vollst\u00e4ndiger Forschungsprozess durchlaufen &#8211; angefangen bei der Entwicklung einer k\u00fcnstlerisch- wissenschaftlichen Fragestellung \u00fcber Datensammlung und Analyse, Ergebnisinterpretation bis hin zur abschlie\u00dfenden Formulierung eines Projektberichtes und dessen Pr\u00e4sentation.<\/p>\n\n\n\n<p>EXKURSION nach Venedig: 14.\u2009\u2013\u200921.11.2021<\/p>\n\n\n\n<p>________________________________________________<\/p>\n\n\n\n<p><em><strong>INTERDEPENDENCIES \u2013&nbsp;SPACES AND TOURISM<\/strong><\/em><\/p>\n\n\n\n<p><em>In this research teaching project, we investigate the interdependency of places, images and spatial practice, focusing on touristic places in Berlin and Venice. Using artistic and socioscientific methods as well as a variety of artistic media, we contrast a subjective perspective on the places and spaces in focus with existing imagery. Material collected during an excursion to Venice and the Architecture Biennale will be the basis for an analysis of how spaces are transformed through a layering of different uses from local, everyday practices and tourism.<\/em><\/p>\n\n\n\n<p><em>This teaching research comprises a complete research process: starting with the development of an artistic-scientific research question, through data collection and analysis, the interpretation and presentation of results, to composing a written project report.<\/em><\/p>\n\n\n\n<p><em>EXCURSION to Venice: 14.\u2009\u2013\u200921.11.2021<\/em><\/p>\n\n\n\n<p><\/p>\n\n\n\n<p><\/p>\n\n\n\n<div class=\"wp-block-file\"><a href=\"https:\/\/www.kunst.tu-berlin.de\/pages\/wp-content\/uploads\/2021\/11\/211021_Zeitplan_MASTER.pdf\">Zeitplan<\/a><a href=\"https:\/\/www.kunst.tu-berlin.de\/pages\/wp-content\/uploads\/2021\/11\/211021_Zeitplan_MASTER.pdf\" class=\"wp-block-file__button\" download>Download<\/a><\/div>\n\n\n\n<div class=\"wp-block-file\"><a href=\"https:\/\/www.kunst.tu-berlin.de\/pages\/wp-content\/uploads\/2021\/11\/211021_zeitplan_LFPVertiefung-2-Kopie.pdf\">Zeitplan_LFP+Vertiefung<\/a><a href=\"https:\/\/www.kunst.tu-berlin.de\/pages\/wp-content\/uploads\/2021\/11\/211021_zeitplan_LFPVertiefung-2-Kopie.pdf\" class=\"wp-block-file__button\" download>Download<\/a><\/div>\n\n\n\n<div class=\"wp-block-file\"><a href=\"https:\/\/www.kunst.tu-berlin.de\/pages\/wp-content\/uploads\/2021\/11\/211022_Aufgabe1AB.pdf\">Aufgabe 1A+1B<\/a><a href=\"https:\/\/www.kunst.tu-berlin.de\/pages\/wp-content\/uploads\/2021\/11\/211022_Aufgabe1AB.pdf\" class=\"wp-block-file__button\" download>Download<\/a><\/div>\n","protected":false},"excerpt":{"rendered":"<p>WECHSELWIRKUNGEN \u2013 R\u00c4UME UND TOURISMUS Das Lehrforschungsprojekt untersucht mit k\u00fcnstlerischen und wissenschaftlichen Methoden und dem Einsatz von k\u00fcnstlerischen Medien die gegenseitige Abh\u00e4ngigkeit von Orten, Bildern und r\u00e4umlichen Praktiken anhand touristischer Orte in Berlin und Venedig. Mit subjektivem Blick auf die Orte und dem Abgleich mit Bekanntem erforschen wir im Rahmen einer Exkursion nach Venedig und [&hellip;]<\/p>\n","protected":false},"author":1,"featured_media":0,"parent":0,"menu_order":0,"comment_status":"closed","ping_status":"closed","template":"","meta":{"footnotes":""},"class_list":["post-42354","page","type-page","status-publish","hentry","content-columns-1"],"_links":{"self":[{"href":"https:\/\/www.kunst.tu-berlin.de\/pages\/wp-json\/wp\/v2\/pages\/42354"}],"collection":[{"href":"https:\/\/www.kunst.tu-berlin.de\/pages\/wp-json\/wp\/v2\/pages"}],"about":[{"href":"https:\/\/www.kunst.tu-berlin.de\/pages\/wp-json\/wp\/v2\/types\/page"}],"author":[{"embeddable":true,"href":"https:\/\/www.kunst.tu-berlin.de\/pages\/wp-json\/wp\/v2\/users\/1"}],"replies":[{"embeddable":true,"href":"https:\/\/www.kunst.tu-berlin.de\/pages\/wp-json\/wp\/v2\/comments?post=42354"}],"version-history":[{"count":5,"href":"https:\/\/www.kunst.tu-berlin.de\/pages\/wp-json\/wp\/v2\/pages\/42354\/revisions"}],"predecessor-version":[{"id":42436,"href":"https:\/\/www.kunst.tu-berlin.de\/pages\/wp-json\/wp\/v2\/pages\/42354\/revisions\/42436"}],"wp:attachment":[{"href":"https:\/\/www.kunst.tu-berlin.de\/pages\/wp-json\/wp\/v2\/media?parent=42354"}],"curies":[{"name":"wp","href":"https:\/\/api.w.org\/{rel}","templated":true}]}}